{"id":33,"date":"2021-11-17T16:21:58","date_gmt":"2021-11-17T15:21:58","guid":{"rendered":"https:\/\/conservatoriqualificati.agid.gov.it\/?page_id=33"},"modified":"2022-09-29T17:24:46","modified_gmt":"2022-09-29T15:24:46","slug":"home","status":"publish","type":"page","link":"https:\/\/conservatoriqualificati.agid.gov.it\/","title":{"rendered":"Home"},"content":{"rendered":"\n<h2 class=\"wp-block-heading\"><\/h2>\n\n\n\n<div class=\"wp-block-group\"><div class=\"wp-block-group__inner-container is-layout-flow wp-block-group-is-layout-flow\">\n<div class=\"wp-block-columns is-layout-flex wp-container-core-columns-is-layout-9d6595d7 wp-block-columns-is-layout-flex\">\n<div class=\"wp-block-column is-layout-flow wp-block-column-is-layout-flow\" style=\"flex-basis:100%\">\n<p>Il marketplace non rappresenta un elenco o un albo dei conservatori, ma costituisce una vetrina dove le pubbliche amministrazioni possono individuare pi\u00f9 agevolmente i fornitori di servizi di conservazione a norma dei documenti informatici e avviare la successiva fase di contrattualizzazione.<\/p>\n\n\n\n<p>L\u2019iscrizione \u00e8 possibile a partire dal 01 gennaio 2022 attraverso le modalit\u00e0 previste dalla presente piattaforma dedicata, all&#8217;interno della quale il conservatore attester\u00e0, mediante una autocertificazione  rilasciata in conformit\u00e0 al <a rel=\"noreferrer noopener\" href=\"http:\/\/www.normattiva.it\/uri-res\/N2Ls?urn:nir:stato:decreto.del.presidente.della.repubblica:2000-12-28;445!vig=2020-06-03\" target=\"_blank\">DPR 445\/2000 <\/a>, il possesso dei requisiti di qualit\u00e0, sicurezza e organizzazione, condizione necessaria per l&#8217;erogazione di servizi di conservazione per conto della Pubblica Amministrazione.<\/p>\n\n\n\n<p>Le amministrazioni che affidano il servizio di conservazione dei documenti informatici a soggetti non presenti nell&#8217;Elenco dei conservatori iscritti  hanno l\u2019obbligo di trasmettere ad AgID i relativi contratti entro trenta giorni dalla stipula affinch\u00e9 l\u2019Agenzia possa svolgere le attivit\u00e0 di verifica dei requisiti generali nonch\u00e9 dei requisiti di qualit\u00e0, di sicurezza e organizzazione di cui all\u2019allegato A del regolamento.<\/p>\n<\/div>\n<\/div>\n<\/div><\/div>\n","protected":false},"excerpt":{"rendered":"<p>Il marketplace non rappresenta un elenco o un albo dei conservatori, ma costituisce una vetrina dove le pubbliche amministrazioni possono individuare pi\u00f9 agevolmente i fornitori &#8230; <\/p>\n","protected":false},"author":1,"featured_media":0,"parent":0,"menu_order":0,"comment_status":"closed","ping_status":"closed","template":"home.php","meta":{"footnotes":""},"class_list":["post-33","page","type-page","status-publish","hentry"],"_links":{"self":[{"href":"https:\/\/conservatoriqualificati.agid.gov.it\/index.php?rest_route=\/wp\/v2\/pages\/33","targetHints":{"allow":["GET"]}}],"collection":[{"href":"https:\/\/conservatoriqualificati.agid.gov.it\/index.php?rest_route=\/wp\/v2\/pages"}],"about":[{"href":"https:\/\/conservatoriqualificati.agid.gov.it\/index.php?rest_route=\/wp\/v2\/types\/page"}],"author":[{"embeddable":true,"href":"https:\/\/conservatoriqualificati.agid.gov.it\/index.php?rest_route=\/wp\/v2\/users\/1"}],"replies":[{"embeddable":true,"href":"https:\/\/conservatoriqualificati.agid.gov.it\/index.php?rest_route=%2Fwp%2Fv2%2Fcomments&post=33"}],"version-history":[{"count":28,"href":"https:\/\/conservatoriqualificati.agid.gov.it\/index.php?rest_route=\/wp\/v2\/pages\/33\/revisions"}],"predecessor-version":[{"id":576,"href":"https:\/\/conservatoriqualificati.agid.gov.it\/index.php?rest_route=\/wp\/v2\/pages\/33\/revisions\/576"}],"wp:attachment":[{"href":"https:\/\/conservatoriqualificati.agid.gov.it\/index.php?rest_route=%2Fwp%2Fv2%2Fmedia&parent=33"}],"curies":[{"name":"wp","href":"https:\/\/api.w.org\/{rel}","templated":true}]}}