{"id":235,"date":"2021-12-03T15:05:46","date_gmt":"2021-12-03T14:05:46","guid":{"rendered":"https:\/\/conservatoriqualificati.agid.gov.it\/?page_id=235"},"modified":"2026-01-21T08:24:29","modified_gmt":"2026-01-21T07:24:29","slug":"elenco-conservatori-qualificati","status":"publish","type":"page","link":"https:\/\/conservatoriqualificati.agid.gov.it\/?page_id=235","title":{"rendered":"Conservatori iscritti"},"content":{"rendered":"<p>Il Decreto Semplificazione (D.L. 76\/2020), convertito con Legge n. 120\/2020, ha apportato numerose modifiche al Codice dell\u2019amministrazione digitale (CAD), tra cui alcune relative al servizio di conservazione dei documenti informatici. In particolare l\u2019articolo 34, comma 1-bis, prevede che:<\/p>\n<p>\u201cLe pubbliche amministrazioni possono procedere alla conservazione dei documenti informatici:<\/p>\n<p>a) all\u2019interno della propria struttura organizzativa;<\/p>\n<p>b) affidandola, in modo totale o parziale, nel rispetto della disciplina vigente, ad altri soggetti, pubblici o privati che possiedono i requisiti di qualit\u00e0, di sicurezza e organizzazione individuati, nel rispetto della disciplina europea, nelle <a href=\"https:\/\/www.agid.gov.it\/sites\/default\/files\/repository_files\/linee_guida_sul_documento_informatico.pdf\" target=\"_blank\" rel=\"noreferrer noopener\">Linee guida di cui all&#8217;art 71 relative alla formazione, gestione e conservazione dei documenti informatici <\/a>nonch\u00e9 in un <a href=\"https:\/\/www.agid.gov.it\/sites\/default\/files\/repository_files\/regolamento_sui_criteri_di_conservazione.pdf\" target=\"_blank\" rel=\"noreferrer noopener\">regolamento sui criteri per la fornitura dei servizi di conservazione dei documenti informatici <\/a>emanato da AgID ed i relativi \u00a0\u00a0<a href=\"https:\/\/www.agid.gov.it\/sites\/default\/files\/repository_files\/allegato_a_.pdf\">allegato A<\/a>\u00a0\u00a0 ed <a href=\"https:\/\/www.agid.gov.it\/sites\/default\/files\/repository_files\/allegato_b_-_piano_di_cessazione_.pdf\">allegato B<\/a>, avuto riguardo all&#8217;esigenza di assicurare la conformit\u00e0 dei documenti conservati agli originali nonch\u00e9 la qualit\u00e0 e la sicurezza del sistema di conservazione.\u201d<\/p>\n<p>La conservazione dei documenti informatici per conto delle pubbliche amministrazioni da parte di soggetti esterni deve uniformarsi &#8211; nel rispetto della disciplina europea &#8211; alle Linee guida sulla formazione, gestione e conservazione dei documenti informatici nonch\u00e9 al sopradetto regolamento, adottati entrambi dall\u2019Agenzia per l\u2019Italia digitale (AgID), che segnano il superamento del precedente meccanismo di accreditamento dei conservatori.<\/p>\n<p>Il regolamento e i relativi allegati sui criteri per la fornitura dei servizi di conservazione dei documenti informatici prevede l\u2019istituzione di un elenco (marketplace) per i servizi di conservazione pubblicato su <a href=\"https:\/\/conservatoriqualificati.agid.gov.it\/\" target=\"_blank\" rel=\"noreferrer noopener\">conservatoriqualificati.agid.gov.it<\/a> dove possono iscriversi i soggetti, pubblici e privati, che intendono erogare il servizio di conservazione dei documenti informatici per conto delle pubbliche amministrazioni.<\/p>\n<p>L\u2019iscrizione al marketplace non \u00e8 obbligatoria ma i conservatori che intendono partecipare a procedure di affidamento da parte delle pubbliche amministrazioni, a partire dal primo gennaio 2022 data di entrata in vigore del regolamento, devono ugualmente possedere i requisiti previsti dal Regolamento e sono sottoposti all\u2019attivit\u00e0 di vigilanza di AgID (<em>estratto dal regolamento<\/em>).<\/p>\n<p>Per i soggetti iscritti, la permanenza nel marketplace ha una durata di 48 mesi dalla data di iscrizione, rinnovabile in base alle indicazioni di cui all\u2019art. 6 del Regolamento.<\/p>\n","protected":false},"excerpt":{"rendered":"<p>Il Decreto Semplificazione (D.L. 76\/2020), convertito con Legge n. 120\/2020, ha apportato numerose modifiche al Codice dell\u2019amministrazione digitale (CAD), tra cui alcune relative al servizio &#8230; <\/p>\n","protected":false},"author":1,"featured_media":0,"parent":0,"menu_order":0,"comment_status":"closed","ping_status":"closed","template":"page-fullwidth.php","meta":{"footnotes":""},"class_list":["post-235","page","type-page","status-publish","hentry"],"_links":{"self":[{"href":"https:\/\/conservatoriqualificati.agid.gov.it\/index.php?rest_route=\/wp\/v2\/pages\/235","targetHints":{"allow":["GET"]}}],"collection":[{"href":"https:\/\/conservatoriqualificati.agid.gov.it\/index.php?rest_route=\/wp\/v2\/pages"}],"about":[{"href":"https:\/\/conservatoriqualificati.agid.gov.it\/index.php?rest_route=\/wp\/v2\/types\/page"}],"author":[{"embeddable":true,"href":"https:\/\/conservatoriqualificati.agid.gov.it\/index.php?rest_route=\/wp\/v2\/users\/1"}],"replies":[{"embeddable":true,"href":"https:\/\/conservatoriqualificati.agid.gov.it\/index.php?rest_route=%2Fwp%2Fv2%2Fcomments&post=235"}],"version-history":[{"count":6,"href":"https:\/\/conservatoriqualificati.agid.gov.it\/index.php?rest_route=\/wp\/v2\/pages\/235\/revisions"}],"predecessor-version":[{"id":736,"href":"https:\/\/conservatoriqualificati.agid.gov.it\/index.php?rest_route=\/wp\/v2\/pages\/235\/revisions\/736"}],"wp:attachment":[{"href":"https:\/\/conservatoriqualificati.agid.gov.it\/index.php?rest_route=%2Fwp%2Fv2%2Fmedia&parent=235"}],"curies":[{"name":"wp","href":"https:\/\/api.w.org\/{rel}","templated":true}]}}